{"id":14,"date":"2026-01-05T14:25:22","date_gmt":"2026-01-05T13:25:22","guid":{"rendered":"https:\/\/padabrowskifoto.com\/?page_id=14"},"modified":"2026-02-28T18:53:40","modified_gmt":"2026-02-28T17:53:40","slug":"o-mnie","status":"publish","type":"page","link":"https:\/\/padabrowskifoto.com\/?page_id=14","title":{"rendered":"O mnie"},"content":{"rendered":"\n<div class=\"wp-block-media-text is-stacked-on-mobile\" style=\"grid-template-columns:40% auto\"><figure class=\"wp-block-media-text__media\"><img loading=\"lazy\" decoding=\"async\" width=\"819\" height=\"1024\" src=\"https:\/\/padabrowskifoto.com\/wp-content\/uploads\/2026\/01\/IMG_4036-819x1024.jpeg\" alt=\"\" class=\"wp-image-354 size-full\" srcset=\"https:\/\/padabrowskifoto.com\/wp-content\/uploads\/2026\/01\/IMG_4036-819x1024.jpeg 819w, https:\/\/padabrowskifoto.com\/wp-content\/uploads\/2026\/01\/IMG_4036-240x300.jpeg 240w, https:\/\/padabrowskifoto.com\/wp-content\/uploads\/2026\/01\/IMG_4036-768x960.jpeg 768w, https:\/\/padabrowskifoto.com\/wp-content\/uploads\/2026\/01\/IMG_4036.jpeg 1080w\" sizes=\"auto, (max-width: 819px) 100vw, 819px\" \/><\/figure><div class=\"wp-block-media-text__content\">\n<div class=\"wp-block-group is-nowrap is-layout-flex wp-container-core-group-is-layout-ad2f72ca wp-block-group-is-layout-flex\">\n<p>Patrycjusz D\u0105browski &#8211; fotograf kt\u00f3rego przygoda z aparatem zacz\u0119\u0142a si\u0119 kilka lat temu podczas gdy mieszka\u0142 w Austrii. Pocz\u0105tkowo fotografowa\u0142 natur\u0119 i krajobrazy. U\u017cywana, kupiona po s\u0105siedzku lustrzanka Nikona sta\u0142a si\u0119 nieod\u0142\u0105cznym elementem wyposa\u017cenia niczym smartfon, ka\u017cda wycieczka, d\u0142u\u017cszy spacer, wakacje zosta\u0142y uwiecznione na licznych fotografiach. Min\u0105\u0142 jaki\u015b czas i hobby sta\u0142o si\u0119 pasj\u0105 i dodatkowym zaj\u0119ciem, przyszed\u0142 czas na sesje portretowe oraz fotografowanie imprez i wydarze\u0144. Stara lustrzanka zosta\u0142a zamieniona na wysokiej klasy aparat fotograficzny wraz z profesjonalnymi obiektywami i niezb\u0119dnym oprogramowaniem. Pat ma s\u0142abo\u015b\u0107 do drogich gad\u017cet\u00f3w i zawsze kupuje najlepszy sprz\u0119t na jaki obecnie mo\u017ce sobie pozwoli\u0107 co przek\u0142ada si\u0119 na bardzo dobrej jako\u015bci zdj\u0119cia kt\u00f3re doceniaj\u0105 klienci. Poza tym Patrycjusz to mi\u0142y i weso\u0142y go\u015b\u0107 na kt\u00f3rego mo\u017cesz liczy\u0107, b\u0119dziesz zadowolony\/a z lu\u017anej atmosfery na sesjach, a finalnie z jej efekt\u00f3w &#8211; zdj\u0119\u0107 za kt\u00f3re zap\u0142acisz raz a kt\u00f3re zostan\u0105 z Tob\u0105 na zawsze&#8230;<\/p>\n<\/div>\n<\/div><\/div>\n","protected":false},"excerpt":{"rendered":"","protected":false},"author":1,"featured_media":0,"parent":0,"menu_order":0,"comment_status":"closed","ping_status":"closed","template":"","meta":{"advanced_seo_description":"","jetpack_seo_html_title":"","jetpack_seo_noindex":false,"footnotes":""},"class_list":["post-14","page","type-page","status-publish","hentry"],"jetpack_sharing_enabled":true,"_links":{"self":[{"href":"https:\/\/padabrowskifoto.com\/index.php?rest_route=\/wp\/v2\/pages\/14","targetHints":{"allow":["GET"]}}],"collection":[{"href":"https:\/\/padabrowskifoto.com\/index.php?rest_route=\/wp\/v2\/pages"}],"about":[{"href":"https:\/\/padabrowskifoto.com\/index.php?rest_route=\/wp\/v2\/types\/page"}],"author":[{"embeddable":true,"href":"https:\/\/padabrowskifoto.com\/index.php?rest_route=\/wp\/v2\/users\/1"}],"replies":[{"embeddable":true,"href":"https:\/\/padabrowskifoto.com\/index.php?rest_route=%2Fwp%2Fv2%2Fcomments&post=14"}],"version-history":[{"count":11,"href":"https:\/\/padabrowskifoto.com\/index.php?rest_route=\/wp\/v2\/pages\/14\/revisions"}],"predecessor-version":[{"id":433,"href":"https:\/\/padabrowskifoto.com\/index.php?rest_route=\/wp\/v2\/pages\/14\/revisions\/433"}],"wp:attachment":[{"href":"https:\/\/padabrowskifoto.com\/index.php?rest_route=%2Fwp%2Fv2%2Fmedia&parent=14"}],"curies":[{"name":"wp","href":"https:\/\/api.w.org\/{rel}","templated":true}]}}