{"id":380,"date":"2026-01-06T14:01:20","date_gmt":"2026-01-06T13:01:20","guid":{"rendered":"https:\/\/padabrowskifoto.com\/?page_id=380"},"modified":"2026-01-06T14:01:46","modified_gmt":"2026-01-06T13:01:46","slug":"380-2","status":"publish","type":"page","link":"https:\/\/padabrowskifoto.com\/?page_id=380","title":{"rendered":"POLITYKA PRYWATNO\u015aCI I PLIK\u00d3W COOKIES"},"content":{"rendered":"\n<p><\/p>\n\n\n\n<h3 class=\"wp-block-heading\">Drogi U\u017cytkowniku<\/h3>\n\n\n\n<p>Chcia\u0142bym aby\u015b wiedzia\u0142, \u017ce dbam o Twoj\u0105 prywatno\u015b\u0107 i dlatego poni\u017cej znajdziesz najwa\u017cniejsze informacje o zasadach przetwarzania Twoich danych osobowych oraz plikach cookies, kt\u00f3re s\u0105 wykorzystywane przez moje serwisy. Informacje te zosta\u0142y przygotowane z uwzgl\u0119dnieniem RODO, czyli og\u00f3lnego rozporz\u0105dzenia o ochronie danych.<\/p>\n\n\n\n<h3 class=\"wp-block-heading\">ADMINISTRATOR DANYCH OSOBOWYCH (\u201cAdministrator\u201d)<\/h3>\n\n\n\n<p>Patrycjusz D\u0105browski<\/p>\n\n\n\n<h3 class=\"wp-block-heading\">DANE OSOBOWE I PRYWATNO\u015a\u0106<\/h3>\n\n\n\n<p><\/p>\n\n\n\n<p><strong>Podstawa przetwarzania:<\/strong><br>\u2013 Twoja zgoda wyra\u017cona w Serwisie (art. 6 ust. 1 lit. a RODO)<br>\u2013 Umowa o \u015bwiadczenie us\u0142ug (art. 6 ust. 1 lit. b RODO)<br>\u2013 Nasz prawnie uzasadniony interes, w celu ustalenia, dochodzenia lub obrony roszcze\u0144 (art. 6 ust. 1 lit. f RODO)<br>\u2013 Nasz prawnie uzasadniony interes, polegaj\u0105cy na profilowaniu w celach marketingowych (art. 6 ust. 1 lit. f RODO)<\/p>\n\n\n\n<p><strong>Podanie danych:<\/strong><br>\u2013 Dobrowolne, ale w niekt\u00f3rych przypadkach mo\u017ce by\u0107 konieczne do zawarcia umowy.<\/p>\n\n\n\n<p><strong>Skutek niepodania danych:<\/strong><br>W zale\u017cno\u015bci od celu, w jakim dane s\u0105 podawane:<br>\u2013 brak mo\u017cliwo\u015bci korzystania z us\u0142ug Serwisu<br>\u2013 brak otrzymywania newslettera i powiadomie\u0144 o nowych materia\u0142ach<br>\u2013 brak mo\u017cliwo\u015bci otrzymywania informacji o promocjach czy ofertach specjalnych, oferowanych w Serwisie<\/p>\n\n\n\n<p><strong>Mo\u017cliwo\u015b\u0107 cofni\u0119cia zgody:<\/strong><br>W ka\u017cdej chwili. Przetwarzanie danych do momentu cofni\u0119cia przez Ciebie zgody pozostaje zgodne z prawem.<\/p>\n\n\n\n<h3 class=\"wp-block-heading\">ZAMIESZCZANIE TRE\u015aCI W SERWISIE<\/h3>\n\n\n\n<p>Je\u015bli zdecydujesz si\u0119 zostawi\u0107 komentarz lub opini\u0119 w Serwisie \u2013 jego tre\u015b\u0107 mo\u017ce zosta\u0107 opublikowana w Serwisie. To samo dotyczy innych tre\u015bci, kt\u00f3re publikujesz w Serwisie.<\/p>\n\n\n\n<h3 class=\"wp-block-heading\">KONTAKT POPRZEZ FORMULARZ W SERWISIE<\/h3>\n\n\n\n<p>Je\u015bli zdecydujesz si\u0119 wys\u0142a\u0107 wiadomo\u015b\u0107 poprzez formularz kontaktowy, wiadomo\u015b\u0107 mo\u017ce zosta\u0107 zapisana w logach Serwisu.<\/p>\n\n\n\n<h3 class=\"wp-block-heading\">OKRES PRZETWARZANIA<\/h3>\n\n\n\n<p>Twoje dane b\u0119dziemy przetwarza\u0107 tylko przez okres, w kt\u00f3rym b\u0119dziemy mie\u0107 ku temu podstaw\u0119 prawn\u0105, a wi\u0119c do momentu, w kt\u00f3rym:<br>\u2013 ustanie mo\u017cliwo\u015b\u0107 dochodzenia roszcze\u0144 zwi\u0105zanych z umow\u0105 zawart\u0105 przez Serwis przez kt\u00f3r\u0105kolwiek ze stron<br>\u2013 cofniesz zgod\u0119 na przetwarzanie danych, je\u015bli to ona by\u0142a jego podstaw\u0105<\/p>\n\n\n\n<p>w zale\u017cno\u015bci od tego, co ma zastosowanie w danym przypadku i co nast\u0105pi najp\u00f3\u017aniej.<\/p>\n\n\n\n<h3 class=\"wp-block-heading\">BEZPIECZE\u0143STWO DANYCH<\/h3>\n\n\n\n<p>Przetwarzaj\u0105c Twoje dane osobowe stosujemy \u015brodki organizacyjne i techniczne zgodne z w\u0142a\u015bciwymi przepisami prawa.<\/p>\n\n\n\n<h3 class=\"wp-block-heading\">TWOJE UPRAWNIENIA<\/h3>\n\n\n\n<p>Przys\u0142uguje Ci prawo \u017c\u0105dania:<br>\u2013 dost\u0119pu do Twoich danych osobowych<br>\u2013 ich sprostowania<br>\u2013 usuni\u0119cia<br>\u2013 ograniczenia przetwarzania<br>\u2013 wniesienia sprzeciwu wobec przetwarzania<br>\u2013 \u017c\u0105dania przeniesienia danych do innego administratora<\/p>\n\n\n\n<p>Skontaktuj si\u0119 ze mn\u0105, je\u015bli chcesz skorzysta\u0107 ze swoich praw. Je\u015bli uznasz, \u017ce Twoje dane s\u0105 przetwarzane niezgodnie z prawem pami\u0119taj, \u017ce przys\u0142uguje Ci tak\u017ce prawo wniesienia skargi do Prezesa Urz\u0119du Ochrony Danych Osobowych.<\/p>\n\n\n\n<hr class=\"wp-block-separator has-alpha-channel-opacity\"\/>\n\n\n\n<p>W ramach Serwisu stosujemy pliki cookies. Ich celem jest \u015bwiadczenie us\u0142ug na najwy\u017cszym poziomie, w tym r\u00f3wnie\u017c dostosowanych do Twoich indywidualnych potrzeb. Korzystanie z witryny bez zmiany ustawie\u0144 przegl\u0105darki dotycz\u0105cych cookies oznacza, \u017ce b\u0119d\u0105 one umieszczane w Twoim urz\u0105dzeniu. W ka\u017cdej chwili mo\u017cesz dokona\u0107 zmiany ustawie\u0144 przegl\u0105darki dotycz\u0105cych cookies.<\/p>\n\n\n\n<h3 class=\"wp-block-heading\">CO TO S\u0104 PLIKI COOKIES?<\/h3>\n\n\n\n<p>Cookies, zwane r\u00f3wnie\u017c ciasteczkami (z j\u0119zyka angielskiego cookie oznacza ciasteczko) to niewielkie pliki tekstowe (txt.) wysy\u0142ane przez serwer WWW i zapisywane po stronie u\u017cytkownika (najcz\u0119\u015bciej na twardym dysku). Parametry ciasteczek pozwalaj\u0105 na odczytanie informacji w nich zawartych jedynie serwerowi, kt\u00f3ry je utworzy\u0142. Ciasteczka s\u0105 stosowane najcz\u0119\u015bciej w przypadku licznik\u00f3w, sond, sklep\u00f3w internetowych, stron wymagaj\u0105cych logowania, reklam i do monitorowania aktywno\u015bci odwiedzaj\u0105cych.<\/p>\n\n\n\n<h3 class=\"wp-block-heading\">JAKIE FUNKCJE SPE\u0141NIAJ\u0104 COOKIES?<\/h3>\n\n\n\n<p>Cookies zawieraj\u0105 r\u00f3\u017cne informacje o u\u017cytkowniku danej strony WWW i historii jego \u0142\u0105czno\u015bci ze stron\u0105. Dzi\u0119ki nim w\u0142a\u015bciciel serwera, kt\u00f3ry wys\u0142a\u0142 cookies, mo\u017ce bez problemu pozna\u0107 adres IP u\u017cytkownika, a tak\u017ce na przyk\u0142ad sprawdzi\u0107, jakie strony przegl\u0105da\u0142 on przed wej\u015bciem na jego witryn\u0119. Ponadto w\u0142a\u015bciciel serwera mo\u017ce sprawdzi\u0107, jakiej przegl\u0105darki u\u017cywa u\u017cytkownik i czy nie nast\u0105pi\u0142y informacje o b\u0142\u0119dach podczas wy\u015bwietlania strony. Warto jednak zaznaczy\u0107, \u017ce dane te nie s\u0105 kojarzone z konkretnymi osobami przegl\u0105daj\u0105cymi strony, a jedynie z komputerem po\u0142\u0105czonym z internetem, na kt\u00f3rym cookies zosta\u0142o zapisane (s\u0142u\u017cy do tego adres IP).<\/p>\n\n\n\n<h3 class=\"wp-block-heading\">JAK WYKORZYSTUJEMY INFORMACJE Z COOKIES?<\/h3>\n\n\n\n<p>Zazwyczaj dane wykorzystywane s\u0105 do automatycznego rozpoznawania konkretnego u\u017cytkownika przez serwer, kt\u00f3ry mo\u017ce dzi\u0119ki temu wygenerowa\u0107 przeznaczon\u0105 dla niego stron\u0119. Umo\u017cliwia to na przyk\u0142ad dostosowanie serwis\u00f3w i stron WWW, obs\u0142ugi logowania, niekt\u00f3rych formularzy kontaktowych.<\/p>\n\n\n\n<p>Patrycjusz D\u0105browski u\u017cywa plik\u00f3w cookies w celu optymalizacji korzystania ze strony, a tak\u017ce dostosowania jego zawarto\u015bci do preferencji u\u017cytkownika. U\u017cywa ich r\u00f3wnie\u017c w celu tworzenia anonimowych, zagregowanych statystyk, z wy\u0142\u0105czeniem personalnej identyfikacji u\u017cytkownika. To pomaga nam zrozumie\u0107, w jaki spos\u00f3b u\u017cytkownicy korzystaj\u0105 ze strony internetowej i pozwala ulepsza\u0107 jej struktur\u0119 i zawarto\u015b\u0107. Opr\u00f3cz tego, Patrycjusz D\u0105browski mo\u017ce zamie\u015bci\u0107 lub zezwoli\u0107 podmiotowi zewn\u0119trznemu na zamieszczenie plik\u00f3w cookies na urz\u0105dzeniu u\u017cytkownika w celu zapewnienia prawid\u0142owego funkcjonowania strony WWW. Pomaga to monitorowa\u0107 i sprawdza\u0107 jej dzia\u0142ania. Podmiotem tym mo\u017ce by\u0107 mi\u0119dzy innymi Google, Facebook, kt\u00f3ry zbieraj\u0105 potrzebne nam dane. Dodatkowo podmiotami mog\u0105 by\u0107:&nbsp;cookies wtyczek w WordPressie.<\/p>\n\n\n\n<p>U\u017cytkownik mo\u017ce jednak ustawi\u0107 swoj\u0105 przegl\u0105dark\u0119 w taki spos\u00f3b, aby pliki cookies nie zapisywa\u0142y si\u0119 na jego dysku albo automatycznie usuwa\u0142y w okre\u015blonym czasie. Ustawienia te mog\u0105 wi\u0119c zosta\u0107 zmienione w taki spos\u00f3b, aby blokowa\u0107 automatyczn\u0105 obs\u0142ug\u0119 plik\u00f3w cookies w ustawieniach przegl\u0105darki internetowej b\u0105d\u017a informowa\u0107 o ich ka\u017cdorazowym przes\u0142aniu na urz\u0105dzenie u\u017cytkownika. Niestety, w konsekwencji mo\u017ce to prowadzi\u0107 do problem\u00f3w z wy\u015bwietlaniem niekt\u00f3rych witryn, niedost\u0119pno\u015bci niekt\u00f3rych us\u0142ug.<\/p>\n","protected":false},"excerpt":{"rendered":"<p>Drogi U\u017cytkowniku Chcia\u0142bym aby\u015b wiedzia\u0142, \u017ce dbam o Twoj\u0105 prywatno\u015b\u0107 i dlatego poni\u017cej znajdziesz najwa\u017cniejsze informacje o zasadach przetwarzania Twoich danych osobowych oraz plikach cookies, kt\u00f3re s\u0105 wykorzystywane przez moje<\/p>\n<p><a href=\"https:\/\/padabrowskifoto.com\/?page_id=380\" class=\"more-link\">Continue reading<span class=\"screen-reader-text\">POLITYKA PRYWATNO\u015aCI I PLIK\u00d3W COOKIES<\/span><\/a><\/p>\n","protected":false},"author":1,"featured_media":0,"parent":0,"menu_order":0,"comment_status":"closed","ping_status":"closed","template":"","meta":{"advanced_seo_description":"","jetpack_seo_html_title":"","jetpack_seo_noindex":false,"footnotes":""},"class_list":["post-380","page","type-page","status-publish","hentry"],"jetpack_sharing_enabled":true,"_links":{"self":[{"href":"https:\/\/padabrowskifoto.com\/index.php?rest_route=\/wp\/v2\/pages\/380","targetHints":{"allow":["GET"]}}],"collection":[{"href":"https:\/\/padabrowskifoto.com\/index.php?rest_route=\/wp\/v2\/pages"}],"about":[{"href":"https:\/\/padabrowskifoto.com\/index.php?rest_route=\/wp\/v2\/types\/page"}],"author":[{"embeddable":true,"href":"https:\/\/padabrowskifoto.com\/index.php?rest_route=\/wp\/v2\/users\/1"}],"replies":[{"embeddable":true,"href":"https:\/\/padabrowskifoto.com\/index.php?rest_route=%2Fwp%2Fv2%2Fcomments&post=380"}],"version-history":[{"count":2,"href":"https:\/\/padabrowskifoto.com\/index.php?rest_route=\/wp\/v2\/pages\/380\/revisions"}],"predecessor-version":[{"id":382,"href":"https:\/\/padabrowskifoto.com\/index.php?rest_route=\/wp\/v2\/pages\/380\/revisions\/382"}],"wp:attachment":[{"href":"https:\/\/padabrowskifoto.com\/index.php?rest_route=%2Fwp%2Fv2%2Fmedia&parent=380"}],"curies":[{"name":"wp","href":"https:\/\/api.w.org\/{rel}","templated":true}]}}